{"id":1506,"date":"2021-04-10T13:45:13","date_gmt":"2021-04-10T11:45:13","guid":{"rendered":"http:\/\/metallsucher.at\/?page_id=1506"},"modified":"2021-04-10T13:45:13","modified_gmt":"2021-04-10T11:45:13","slug":"agb","status":"publish","type":"page","link":"https:\/\/metallsucher.at\/index.php\/agb\/","title":{"rendered":"AGB"},"content":{"rendered":"<p>[et_pb_section fb_built=&#8220;1&#8243; admin_label=&#8220;section&#8220; _builder_version=&#8220;3.22.3&#8243;][et_pb_row admin_label=&#8220;row&#8220; _builder_version=&#8220;3.22.3&#8243; background_size=&#8220;initial&#8220; background_position=&#8220;top_left&#8220; background_repeat=&#8220;repeat&#8220;][et_pb_column type=&#8220;4_4&#8243; _builder_version=&#8220;3.0.47&#8243;][et_pb_text admin_label=&#8220;Text&#8220; _builder_version=&#8220;3.22.6&#8243; background_size=&#8220;initial&#8220; background_position=&#8220;top_left&#8220; background_repeat=&#8220;repeat&#8220;]<\/p>\n<h4 class=\"title\"><strong>Allgemeine Gesch\u00e4ftsbedingungen<\/strong><\/h4>\n<p class=\"title\">Gesch\u00e4ftsbedingungen f\u00fcr das Dienstleistungsunternehmen Metallsucher<br \/> Stand April\/2021<\/p>\n<p class=\"title\">\n<p class=\"title\"><strong>Ing. Matthias Pointinger<\/strong><br \/> <strong> Metallsucher<\/strong><br \/> E-Mail: kontakt@metallsucher.at<br \/> Telefon: 0660 883 50 56<\/p>\n<p>Sarsteinstra\u00dfe 371, 8990 Bad Aussee<br \/> www.metallsucher.at<\/p>\n<p>&nbsp;<\/p>\n<p>1. Geltung der Allgemeinen Gesch\u00e4ftsbedingungen und Abweichungen<\/p>\n<p>1.1. Die folgenden Allgemeinen Gesch\u00e4ftsbedingungen gelten f\u00fcr alle gegenw\u00e4rtigen und k\u00fcnftigen Vertr\u00e4ge zwischen dem Auftraggeber in seiner Eigenschaft als Unternehmer bzw. als Privatperson und der Metallsucherfirma.<\/p>\n<p>1.2. Abweichungen von diesen Bedingungen und insbesondere auch Bedingungen des Auftraggebers gelten nur, wenn sie von der Metallsucherfirma ausdr\u00fccklich und schriftlich anerkannt und best\u00e4tigt werden.<\/p>\n<p>2. Ablauf, Anfrage, Angebote, Nebenabreden<\/p>\n<p>2.1. Die Kontaktaufnahme erfolgt \u00fcber die Homepage, per E-Mail bzw. per Telefon.<\/p>\n<p>2.2. Anfragen werden rasch bearbeitet und die Metallsucherfirma meldet sich per E-Mail oder telefonisch beim Anfragenden.<\/p>\n<p>2.3. Die Metallsucherfirma erstellt auf Grund der vorliegenden Informationen ein Angebot. Dieses wird dem Anfragenden per E-Mail zugestellt und enth\u00e4lt Informationen \u00fcber den gesuchten Gegenstand, Verlustort, m\u00f6glicher Treffpunkt mit Ort und Zeit und den Suchkosten.<\/p>\n<p>2.4. Entspricht das Angebot den Vorstellungen des Anfragenden erteilt dieser per E-Mail bzw. telefonisch der Metallsucherfirma den Suchauftrag. Bei einer telefonischen Beauftragung \u00fcbermittelt die Metallsucherfirma die Best\u00e4tigung der Beauftragung per E-Mail an den Kunden.<\/p>\n<p>2.5. Die Angebote der Metallsucherfirma sind, sofern nichts anderes angegeben ist, freibleibend und zwar hinsichtlich aller angegebenen Daten einschlie\u00dflich des Honorars.<\/p>\n<p>2.6. Enth\u00e4lt eine Auftragsbest\u00e4tigung der Metallsucherfirma \u00c4nderungen gegen\u00fcber dem Auftrag, so gelten diese als vom Auftraggeber genehmigt, sofern dieser nicht unverz\u00fcglich schriftlich widerspricht.<\/p>\n<p>2.7. Vereinbarungen bed\u00fcrfen grunds\u00e4tzlich der Schriftform. Es gibt keine m\u00fcndlichen Nebenabreden.<\/p>\n<p>3. Auftragserteilung<\/p>\n<p>3.1. Art und Umfang der vereinbarten Leistung ergeben sich aus dem Vertrag und diesen Allgemeinen Gesch\u00e4ftsbedingungen.<\/p>\n<p>3.2. \u00c4nderungen und Erg\u00e4nzungen des Auftrags bed\u00fcrfen der schriftlichen Best\u00e4tigung durch die Metallsucherfirma um Gegenstand des vorliegenden Vertragsverh\u00e4ltnisses zu werden.<\/p>\n<p>3.3. Die Metallsucherfirma verpflichtet sich zur ordnungsgem\u00e4\u00dfen Durchf\u00fchrung des ihm erteilten Auftrags nach den allgemein anerkannten Regeln der Technik und den Grunds\u00e4tzen der Wirtschaftlichkeit.<\/p>\n<p>3.4. Die Metallsucherfirma kann zur Vertragserf\u00fcllung andere entsprechend Befugte heranziehen.<\/p>\n<p>4. Gew\u00e4hrleistung und Schadenersatz<\/p>\n<p>4.1. Die Metallsucherfirma kann grunds\u00e4tzlich im Falle eines Suchauftrages keine Fundgarantie geben.<\/p>\n<p>4.2. Gew\u00e4hrleistungsanspr\u00fcche k\u00f6nnen nur nach M\u00e4ngelr\u00fcgen erhoben werden, die ausschlie\u00dflich durch eingeschriebenen Brief binnen 14 Tage ab \u00dcbergabe der Leistung oder Teilleistung zu erfolgen hat.<\/p>\n<p>4.3. Anspr\u00fcche auf Wandlung und Preisminderung sind ausgeschlossen. Anspr\u00fcche auf Verbesserung bzw. Nachtrag des Fehlenden sind von der Metallsucherfirma innerhalb angemessener Frist, die im Allgemeinen ein Drittel der f\u00fcr die Durchf\u00fchrung der Leistung vereinbarten Frist betragen soll, zu erf\u00fcllen. Ein Anspruch auf Versp\u00e4tungsschaden kann innerhalb dieser Frist nicht geltend gemacht werden.<\/p>\n<p>4.4. Die Metallsucherfirma hat seine Leistungen mit der von ihm als Fachmann zu erwartenden Sorgfalt (\u00a71299 ABGB) zu erbringen.<\/p>\n<p>4.5. Hat die Metallsucherfirma in Verletzung seiner vertraglichen Pflichten dem Auftraggeber schuldhaft einen Schaden zugef\u00fcgt, ist dessen Haftung f\u00fcr den Ersatz des dadurch verursachten Schadens \u2013 wenn im Einzelfall nicht anders geregelt \u2013 bei leichter Fahrl\u00e4ssigkeit wie folgt begrenzt:<\/p>\n<p style=\"padding-left: 30px;\">4.5.1. bei R\u00fccktritt und bei Personensch\u00e4den ohne Begrenzung,<br \/> 4.5.2. in allen anderen F\u00e4llen mit folgenden Begrenzungen:<\/p>\n<p style=\"padding-left: 60px;\">a) bei einer Auftragssumme bis 250.000,00 Euro: h\u00f6chstens 12.500,00 Euro;<br \/> b) bei einer Auftragssumme \u00fcber 250.000,00 Euro: 5 % der Auftragssumme, jedoch h\u00f6chstens 750.000,00 Euro.<br \/> c) Die Haftung bei Folgesch\u00e4den und entgangenen Gewinn ist auch bei grober Fahrl\u00e4ssigkeit ausgeschlossen, sofern im Einzelfall nichts anderes geregelt ist.<\/p>\n<p>5. R\u00fccktritt vom Vertrag<\/p>\n<p>5.1. Ein R\u00fccktritt vom Vertrag ist nur aus wichtigem Grund zul\u00e4ssig.<\/p>\n<p>5.2. Bei Verzug der Metallsucherfirma mit einer Leistung ist ein R\u00fccktritt des Auftraggebers erst nach Setzen einer angemessenen Nachfrist m\u00f6glich; die Nachfrist ist mit eingeschriebenem Brief zu setzen.<\/p>\n<p>5.3. Bei Verzug des Auftraggebers bei einer Teilleistung oder einer vereinbarten Mitwirkungst\u00e4tigkeit, der die Durchf\u00fchrung des Auftrages durch die Metallsucherfirma unm\u00f6glich macht oder erheblich behindert, ist die Metallsucherfirma zum Vertragsr\u00fccktritt berechtigt.<\/p>\n<p>5.4. Ist die Metallsucherfirma zum Vertragsr\u00fccktritt berechtigt, so beh\u00e4lt dieses den Anspruch auf das gesamte vereinbarte Honorar, ebenso bei unberechtigtem R\u00fccktritt des Auftraggebers. Weiters findet \u00a71168 ABGB Anwendung; bei berechtigtem R\u00fccktritt des Auftraggebers sind von diesem die von der Metallsucherfirma erbrachten Leistungen zu honorieren.<\/p>\n<p>6. Honorar, Leistungsumfang<\/p>\n<p>6.1. S\u00e4mtliche Honorare sind mangels abweichender Angaben in EURO erstellt.<\/p>\n<p>6.2. In den angegebenen Honorarbetr\u00e4gen ist die Umsatzsteuer (Mehrwertsteuer) nicht enthalten, diese ist gesondert vom Auftraggeber zu bezahlen.<\/p>\n<p>6.3. Die Kompensation mit allf\u00e4lligen Gegenforderungen, aus welchem Grunde auch immer, ist unzul\u00e4ssig.<\/p>\n<p>6.4. Sofern nichts anderes vereinbart ist, sind die vom Fachverband Ingenieurb\u00fcros herausgegebenen Unverbindlichen Kalkulationsempfehlungen Vertragsinhalt.<\/p>\n<p>6.5. Sofern nicht ausdr\u00fccklich Gegenteiliges vereinbart ist, hat die Zahlung ohne Abz\u00fcge binnen 30 Tagen ab Rechnungslegung auf das von der Metallsucherfirma genannte Konto einer Bank mit inl\u00e4ndischer Niederlassung zu erfolgen. Im Fall des Zahlungsverzuges sind Zinsen in H\u00f6he von 9,2 % per anno \u00fcber dem Basiszinssatz der EZB zuz\u00fcglich Mahnspesen zu entrichten.<\/p>\n<p>7. Erf\u00fcllungsort<\/p>\n<p>7.1. Erf\u00fcllungsort f\u00fcr alle B\u00fcroleistungen ist der Sitz der Metallsucherfirma.<\/p>\n<p>8. Geheimhaltung<\/p>\n<p>8.1. Die Metallsucherfirma ist zur Geheimhaltung aller vom Auftraggeber erteilten Informationen verpflichtet.<\/p>\n<p>8.2. Die Metallsucherfirma ist auch zur Geheimhaltung seiner Planungst\u00e4tigkeit verpflichtet, wenn und solange der Auftraggeber an dieser Geheimhaltung ein berechtigtes Interesse hat. Nach Durchf\u00fchrung des Auftrages ist die Metallsucherfirma berechtigt, das vertragsgegenst\u00e4ndliche Werk g\u00e4nzlich oder teilweise zu Werbezwecken zu ver\u00f6ffentlichen, sofern vertraglich nichts anderes vereinbart ist.<\/p>\n<p>9. Schutz der Pl\u00e4ne<\/p>\n<p>9.1. Die Metallsucherfirma beh\u00e4lt sich alle Rechte und Nutzungen an den von ihm erstellten Unterlagen (insbesondere Suchpl\u00e4ne, Rechercheunterlagen, technische Unterlagen) vor.<\/p>\n<p>9.2. Jede Nutzung (insbesondere Bearbeitung, Ausf\u00fchrung, Vervielf\u00e4ltigung, Verbreitung, \u00f6ffentliche Vorf\u00fchrung, Zurverf\u00fcgungstellung) der Unterlagen oder Teilen davon ist nur mit ausdr\u00fccklicher Zustimmung der Metallsucherfirma zul\u00e4ssig. S\u00e4mtliche Unterlagen d\u00fcrfen daher nur f\u00fcr die bei Auftragserteilung oder durch eine nachfolgende Vereinbarung ausdr\u00fccklich festgelegten Zwecke verwendet werden.<\/p>\n<p>9.3. Die Metallsucherfirma ist berechtigt, der Auftraggeber verpflichtet, bei Ver\u00f6ffentlichungen und Bekanntmachungen \u00fcber das Projekt den Namen (Firma, Gesch\u00e4ftsbezeichnung) der Metallsucherfirma anzugeben.<\/p>\n<p>9.4. Im Falle des Zuwiderhandelns gegen diese Bestimmungen zum Schutz der Unterlagen hat die Metallsucherfirma Anspruch auf eine P\u00f6nale in H\u00f6he des doppelten angemessenen Entgelts der unautorisierten Nutzung, wobei die Geltendmachung eines dar\u00fcber hinaus gehenden Schadenersatzanspruches vorbehalten bleibt. Diese P\u00f6nale unterliegt nicht dem richterlichen M\u00e4\u00dfigungsrecht. Die Beweislast, dass der Auftraggeber nicht die Unterlagen der Metallsucherfirma genutzt hat, obliegt dem Auftraggeber.<\/p>\n<p>10. Rechtswahl, Gerichtsstand<\/p>\n<p>10.1. F\u00fcr Vertr\u00e4ge zwischen Auftraggeber und der Metallsucherfirma kommt ausschlie\u00dflich \u00f6sterreichisches Recht zur Anwendung.<\/p>\n<p>10.2. F\u00fcr alle Streitigkeiten aus diesem Vertrag wird die Zust\u00e4ndigkeit des sachlich zust\u00e4ndigen Gerichts am Sitz der Metallsucherfirma vereinbart.<\/p>\n<p>[\/et_pb_text][\/et_pb_column][\/et_pb_row][\/et_pb_section]<\/p>\n","protected":false},"excerpt":{"rendered":"<p>Allgemeine Gesch\u00e4ftsbedingungen Gesch\u00e4ftsbedingungen f\u00fcr das Dienstleistungsunternehmen Metallsucher Stand April\/2021 Ing. Matthias Pointinger Metallsucher E-Mail: kontakt@metallsucher.at Telefon: 0660 883 50 56 Sarsteinstra\u00dfe 371, 8990 Bad Aussee www.metallsucher.at &nbsp; 1. Geltung der Allgemeinen Gesch\u00e4ftsbedingungen und Abweichungen 1.1. Die folgenden Allgemeinen Gesch\u00e4ftsbedingungen gelten f\u00fcr alle gegenw\u00e4rtigen und k\u00fcnftigen Vertr\u00e4ge zwischen dem Auftraggeber in seiner Eigenschaft als Unternehmer bzw. [&hellip;]<\/p>\n","protected":false},"author":1,"featured_media":0,"parent":0,"menu_order":0,"comment_status":"closed","ping_status":"closed","template":"","meta":{"_et_pb_use_builder":"on","_et_pb_old_content":"","_et_gb_content_width":"","footnotes":""},"class_list":["post-1506","page","type-page","status-publish","hentry"],"_links":{"self":[{"href":"https:\/\/metallsucher.at\/index.php\/wp-json\/wp\/v2\/pages\/1506","targetHints":{"allow":["GET"]}}],"collection":[{"href":"https:\/\/metallsucher.at\/index.php\/wp-json\/wp\/v2\/pages"}],"about":[{"href":"https:\/\/metallsucher.at\/index.php\/wp-json\/wp\/v2\/types\/page"}],"author":[{"embeddable":true,"href":"https:\/\/metallsucher.at\/index.php\/wp-json\/wp\/v2\/users\/1"}],"replies":[{"embeddable":true,"href":"https:\/\/metallsucher.at\/index.php\/wp-json\/wp\/v2\/comments?post=1506"}],"version-history":[{"count":3,"href":"https:\/\/metallsucher.at\/index.php\/wp-json\/wp\/v2\/pages\/1506\/revisions"}],"predecessor-version":[{"id":1511,"href":"https:\/\/metallsucher.at\/index.php\/wp-json\/wp\/v2\/pages\/1506\/revisions\/1511"}],"wp:attachment":[{"href":"https:\/\/metallsucher.at\/index.php\/wp-json\/wp\/v2\/media?parent=1506"}],"curies":[{"name":"wp","href":"https:\/\/api.w.org\/{rel}","templated":true}]}}